{"id":2208,"date":"2026-05-06T19:59:44","date_gmt":"2026-05-06T19:59:44","guid":{"rendered":"https:\/\/michelloutletshopping.com\/product\/dlhe-basic-saty-s-volnym-strihom\/"},"modified":"2026-05-06T19:59:44","modified_gmt":"2026-05-06T19:59:44","slug":"dlhe-basic-saty-s-volnym-strihom","status":"publish","type":"product","link":"https:\/\/michelloutletshopping.com\/sk\/produkt\/dlhe-basic-saty-s-volnym-strihom\/","title":{"rendered":"Dlh\u00e9 basic \u0161aty s vo\u013en\u00fdm strihom"},"content":{"rendered":"<p>Dlh\u00e9 \u0161aty s minimalistick\u00fdm dizajnom a vo\u013en\u00fdm, spl\u00fdvav\u00fdm strihom.<\/p>\n<p>Vo\u013en\u00fd strih zabezpe\u010duje maxim\u00e1lne pohodlie, ide\u00e1lne na tepl\u00e9 dni alebo le\u017e\u00e9rny outfit. Materi\u00e1l sa prirodzene prisp\u00f4sobuje pohybu tela. <\/p>\n<p>\u013dahko kombinovate\u013en\u00e9 so sand\u00e1lmi alebo doplnkami.<\/p>\n","protected":false},"excerpt":{"rendered":"<p>Dlh\u00e9 vo\u013en\u00e9 \u0161aty, ide\u00e1lne pre pohodlie a jednoduch\u00fd \u0161t\u00fdl.<\/p>\n","protected":false},"featured_media":2207,"comment_status":"open","ping_status":"closed","template":"","meta":[],"product_brand":[],"product_cat":[75],"product_tag":[],"class_list":{"0":"post-2208","1":"product","2":"type-product","3":"status-publish","4":"has-post-thumbnail","6":"product_cat-saty-2","8":"first","9":"instock","10":"taxable","11":"shipping-taxable","12":"purchasable","13":"product-type-simple"},"jetpack_sharing_enabled":true,"_links":{"self":[{"href":"https:\/\/michelloutletshopping.com\/sk\/wp-json\/wp\/v2\/product\/2208","targetHints":{"allow":["GET"]}}],"collection":[{"href":"https:\/\/michelloutletshopping.com\/sk\/wp-json\/wp\/v2\/product"}],"about":[{"href":"https:\/\/michelloutletshopping.com\/sk\/wp-json\/wp\/v2\/types\/product"}],"replies":[{"embeddable":true,"href":"https:\/\/michelloutletshopping.com\/sk\/wp-json\/wp\/v2\/comments?post=2208"}],"wp:featuredmedia":[{"embeddable":true,"href":"https:\/\/michelloutletshopping.com\/sk\/wp-json\/wp\/v2\/media\/2207"}],"wp:attachment":[{"href":"https:\/\/michelloutletshopping.com\/sk\/wp-json\/wp\/v2\/media?parent=2208"}],"wp:term":[{"taxonomy":"product_brand","embeddable":true,"href":"https:\/\/michelloutletshopping.com\/sk\/wp-json\/wp\/v2\/product_brand?post=2208"},{"taxonomy":"product_cat","embeddable":true,"href":"https:\/\/michelloutletshopping.com\/sk\/wp-json\/wp\/v2\/product_cat?post=2208"},{"taxonomy":"product_tag","embeddable":true,"href":"https:\/\/michelloutletshopping.com\/sk\/wp-json\/wp\/v2\/product_tag?post=2208"}],"curies":[{"name":"wp","href":"https:\/\/api.w.org\/{rel}","templated":true}]}}