{"id":2215,"date":"2026-05-06T20:13:33","date_gmt":"2026-05-06T20:13:33","guid":{"rendered":"https:\/\/michelloutletshopping.com\/product\/basic-saty-s-vreckami\/"},"modified":"2026-05-06T20:13:33","modified_gmt":"2026-05-06T20:13:33","slug":"basic-saty-s-vreckami","status":"publish","type":"product","link":"https:\/\/michelloutletshopping.com\/sk\/produkt\/basic-saty-s-vreckami\/","title":{"rendered":"Basic \u0161aty s vreckami"},"content":{"rendered":"<p>Jednoduch\u00e9 a pohodln\u00e9 \u0161aty ide\u00e1lne na ka\u017ed\u00fd de\u0148.<\/p>\n<p>Vo\u013en\u00fd strih neobop\u00edna telo, kr\u00e1tke ruk\u00e1vy a \u013eahk\u00fd materi\u00e1l s\u00fa ide\u00e1lne na tepl\u00e9 dni. Praktick\u00e9 bo\u010dn\u00e9 vreck\u00e1 zvy\u0161uj\u00fa komfort. <\/p>\n<p>Univerz\u00e1lny k\u00fasok vhodn\u00fd na doma aj na be\u017en\u00e9 nosenie.<\/p>\n","protected":false},"excerpt":{"rendered":"<p>Pohodln\u00e9 basic \u0161aty s vo\u013en\u00fdm strihom a praktick\u00fdmi vreckami.<\/p>\n","protected":false},"featured_media":2222,"comment_status":"open","ping_status":"closed","template":"","meta":[],"product_brand":[],"product_cat":[75],"product_tag":[],"class_list":{"0":"post-2215","1":"product","2":"type-product","3":"status-publish","4":"has-post-thumbnail","6":"product_cat-saty-2","8":"first","9":"instock","10":"taxable","11":"shipping-taxable","12":"purchasable","13":"product-type-variable"},"jetpack_sharing_enabled":true,"_links":{"self":[{"href":"https:\/\/michelloutletshopping.com\/sk\/wp-json\/wp\/v2\/product\/2215","targetHints":{"allow":["GET"]}}],"collection":[{"href":"https:\/\/michelloutletshopping.com\/sk\/wp-json\/wp\/v2\/product"}],"about":[{"href":"https:\/\/michelloutletshopping.com\/sk\/wp-json\/wp\/v2\/types\/product"}],"replies":[{"embeddable":true,"href":"https:\/\/michelloutletshopping.com\/sk\/wp-json\/wp\/v2\/comments?post=2215"}],"wp:featuredmedia":[{"embeddable":true,"href":"https:\/\/michelloutletshopping.com\/sk\/wp-json\/wp\/v2\/media\/2222"}],"wp:attachment":[{"href":"https:\/\/michelloutletshopping.com\/sk\/wp-json\/wp\/v2\/media?parent=2215"}],"wp:term":[{"taxonomy":"product_brand","embeddable":true,"href":"https:\/\/michelloutletshopping.com\/sk\/wp-json\/wp\/v2\/product_brand?post=2215"},{"taxonomy":"product_cat","embeddable":true,"href":"https:\/\/michelloutletshopping.com\/sk\/wp-json\/wp\/v2\/product_cat?post=2215"},{"taxonomy":"product_tag","embeddable":true,"href":"https:\/\/michelloutletshopping.com\/sk\/wp-json\/wp\/v2\/product_tag?post=2215"}],"curies":[{"name":"wp","href":"https:\/\/api.w.org\/{rel}","templated":true}]}}