{"id":2276,"date":"2026-05-06T21:56:33","date_gmt":"2026-05-06T21:56:33","guid":{"rendered":"https:\/\/michelloutletshopping.com\/product\/siroke-nohavice-s-elastickym-pasom\/"},"modified":"2026-05-06T21:56:33","modified_gmt":"2026-05-06T21:56:33","slug":"siroke-nohavice-s-elastickym-pasom","status":"publish","type":"product","link":"https:\/\/michelloutletshopping.com\/sk\/produkt\/siroke-nohavice-s-elastickym-pasom\/","title":{"rendered":"\u0160irok\u00e9 nohavice s elastick\u00fdm p\u00e1som"},"content":{"rendered":"<p>Dlh\u00e9 nohavice s vo\u013en\u00fdm strihom, navrhnut\u00e9 pre maxim\u00e1lne pohodlie a vo\u013enos\u0165 pohybu.<br \/>Elastick\u00fd p\u00e1s zabezpe\u010duje jednoduch\u00e9 prisp\u00f4sobenie r\u00f4znym typom postavy bez nepr\u00edjemn\u00e9ho s\u0165ahovania.<br \/>\u013dahk\u00fd a m\u00e4kk\u00fd materi\u00e1l sa prirodzene prisp\u00f4sob\u00ed pohybu, ide\u00e1lny na ka\u017edodenn\u00e9 nosenie aj vo\u013en\u00fd \u010das.<br \/>Univerz\u00e1lny k\u00fasok, ktor\u00fd sp\u00e1ja pohodlie a \u0161t\u00fdl.<\/p>\n","protected":false},"excerpt":{"rendered":"<p>\u0160irok\u00e9 nohavice s elastick\u00fdm p\u00e1som, \u013eahk\u00e9 a pohodln\u00e9, ide\u00e1lne na ka\u017ed\u00fd de\u0148.<\/p>\n","protected":false},"featured_media":2251,"comment_status":"open","ping_status":"closed","template":"","meta":[],"product_brand":[],"product_cat":[106],"product_tag":[],"class_list":{"0":"post-2276","1":"product","2":"type-product","3":"status-publish","4":"has-post-thumbnail","6":"product_cat-nohavice-3","8":"first","9":"instock","10":"taxable","11":"shipping-taxable","12":"purchasable","13":"product-type-variable"},"jetpack_sharing_enabled":true,"_links":{"self":[{"href":"https:\/\/michelloutletshopping.com\/sk\/wp-json\/wp\/v2\/product\/2276","targetHints":{"allow":["GET"]}}],"collection":[{"href":"https:\/\/michelloutletshopping.com\/sk\/wp-json\/wp\/v2\/product"}],"about":[{"href":"https:\/\/michelloutletshopping.com\/sk\/wp-json\/wp\/v2\/types\/product"}],"replies":[{"embeddable":true,"href":"https:\/\/michelloutletshopping.com\/sk\/wp-json\/wp\/v2\/comments?post=2276"}],"wp:featuredmedia":[{"embeddable":true,"href":"https:\/\/michelloutletshopping.com\/sk\/wp-json\/wp\/v2\/media\/2251"}],"wp:attachment":[{"href":"https:\/\/michelloutletshopping.com\/sk\/wp-json\/wp\/v2\/media?parent=2276"}],"wp:term":[{"taxonomy":"product_brand","embeddable":true,"href":"https:\/\/michelloutletshopping.com\/sk\/wp-json\/wp\/v2\/product_brand?post=2276"},{"taxonomy":"product_cat","embeddable":true,"href":"https:\/\/michelloutletshopping.com\/sk\/wp-json\/wp\/v2\/product_cat?post=2276"},{"taxonomy":"product_tag","embeddable":true,"href":"https:\/\/michelloutletshopping.com\/sk\/wp-json\/wp\/v2\/product_tag?post=2276"}],"curies":[{"name":"wp","href":"https:\/\/api.w.org\/{rel}","templated":true}]}}