{"id":2324,"date":"2026-05-06T22:16:29","date_gmt":"2026-05-06T22:16:29","guid":{"rendered":"https:\/\/michelloutletshopping.com\/product\/splyvave-palazzo-nohavice\/"},"modified":"2026-05-06T22:16:29","modified_gmt":"2026-05-06T22:16:29","slug":"splyvave-palazzo-nohavice","status":"publish","type":"product","link":"https:\/\/michelloutletshopping.com\/sk\/produkt\/splyvave-palazzo-nohavice\/","title":{"rendered":"Spl\u00fdvav\u00e9 palazzo nohavice"},"content":{"rendered":"<p>Dlh\u00e9 nohavice so \u0161irok\u00fdm a spl\u00fdvav\u00fdm strihom, navrhnut\u00e9 pre maxim\u00e1lne pohodlie a vo\u013enos\u0165 pohybu.<br \/>Elastick\u00fd p\u00e1s zabezpe\u010duje praktick\u00e9 a prisp\u00f4sobiv\u00e9 nosenie, vhodn\u00e9 pre r\u00f4zne typy postavy.<br \/>\u013dahk\u00fd a m\u00e4kk\u00fd materi\u00e1l sa prirodzene prisp\u00f4sobuje pohybu, v\u010faka \u010domu s\u00fa nohavice ide\u00e1lne na vo\u013en\u00fd \u010das, cestovanie alebo akt\u00edvne dni.<br \/>Univerz\u00e1lny k\u00fasok, ktor\u00fd sa \u013eahko kombinuje pre elegantn\u00e9 aj le\u017e\u00e9rne outfity.<\/p>\n","protected":false},"excerpt":{"rendered":"<p>Dlh\u00e9 palazzo nohavice so \u0161irokou spl\u00fdvavou nohavicou, elastick\u00fdm p\u00e1som a pohodln\u00fdm strihom. Ide\u00e1lne na praktick\u00e9, \u013eahk\u00e9 a elegantn\u00e9 outfity na vo\u013en\u00fd \u010das, cestovanie aj akt\u00edvne dni. <\/p>\n","protected":false},"featured_media":2296,"comment_status":"open","ping_status":"closed","template":"","meta":[],"product_brand":[],"product_cat":[106],"product_tag":[],"class_list":{"0":"post-2324","1":"product","2":"type-product","3":"status-publish","4":"has-post-thumbnail","6":"product_cat-nohavice-3","8":"first","9":"instock","10":"taxable","11":"shipping-taxable","12":"purchasable","13":"product-type-variable"},"jetpack_sharing_enabled":true,"_links":{"self":[{"href":"https:\/\/michelloutletshopping.com\/sk\/wp-json\/wp\/v2\/product\/2324","targetHints":{"allow":["GET"]}}],"collection":[{"href":"https:\/\/michelloutletshopping.com\/sk\/wp-json\/wp\/v2\/product"}],"about":[{"href":"https:\/\/michelloutletshopping.com\/sk\/wp-json\/wp\/v2\/types\/product"}],"replies":[{"embeddable":true,"href":"https:\/\/michelloutletshopping.com\/sk\/wp-json\/wp\/v2\/comments?post=2324"}],"wp:featuredmedia":[{"embeddable":true,"href":"https:\/\/michelloutletshopping.com\/sk\/wp-json\/wp\/v2\/media\/2296"}],"wp:attachment":[{"href":"https:\/\/michelloutletshopping.com\/sk\/wp-json\/wp\/v2\/media?parent=2324"}],"wp:term":[{"taxonomy":"product_brand","embeddable":true,"href":"https:\/\/michelloutletshopping.com\/sk\/wp-json\/wp\/v2\/product_brand?post=2324"},{"taxonomy":"product_cat","embeddable":true,"href":"https:\/\/michelloutletshopping.com\/sk\/wp-json\/wp\/v2\/product_cat?post=2324"},{"taxonomy":"product_tag","embeddable":true,"href":"https:\/\/michelloutletshopping.com\/sk\/wp-json\/wp\/v2\/product_tag?post=2324"}],"curies":[{"name":"wp","href":"https:\/\/api.w.org\/{rel}","templated":true}]}}