{"id":2331,"date":"2026-05-06T22:27:26","date_gmt":"2026-05-06T22:27:26","guid":{"rendered":"https:\/\/michelloutletshopping.com\/product\/dlha-sukna-s-opaskom\/"},"modified":"2026-05-06T22:27:26","modified_gmt":"2026-05-06T22:27:26","slug":"dlha-sukna-s-opaskom","status":"publish","type":"product","link":"https:\/\/michelloutletshopping.com\/sk\/produkt\/dlha-sukna-s-opaskom\/","title":{"rendered":"Dlh\u00e1 suk\u0148a s opaskom"},"content":{"rendered":"<p>Dlh\u00e1 suk\u0148a s \u013eahk\u00fdm a spl\u00fdvav\u00fdm strihom, navrhnut\u00e1 pre maxim\u00e1lne pohodlie a vo\u013enos\u0165 pohybu.<br \/>\nVrstven\u00fd dizajn dod\u00e1va objem a \u017eenskos\u0165, \u010d\u00edm vytv\u00e1ra jemn\u00fd a dynamick\u00fd efekt pri pohybe.<br \/>\nDekorat\u00edvny opasok s okr\u00fahlou prackou zv\u00fdraz\u0148uje p\u00e1s a dod\u00e1va prirodzen\u00fd a elegantn\u00fd detail.<br \/>\nIde\u00e1lna na letn\u00e9 outfity, dovolenku alebo vo\u013en\u00e9 dni s elegantn\u00fdm n\u00e1dychom.<\/p>\n","protected":false},"excerpt":{"rendered":"<p>Dlh\u00e1 spl\u00fdvav\u00e1 suk\u0148a s vrstven\u00edm a ozdobn\u00fdm opaskom. \u013dahk\u00e1, \u017eensk\u00e1 a ide\u00e1lna na letn\u00e9 aj elegantne le\u017e\u00e9rne outfity. <\/p>\n","protected":false},"featured_media":2322,"comment_status":"open","ping_status":"closed","template":"","meta":[],"product_brand":[],"product_cat":[46],"product_tag":[],"class_list":{"0":"post-2331","1":"product","2":"type-product","3":"status-publish","4":"has-post-thumbnail","6":"product_cat-sukna","8":"first","9":"instock","10":"taxable","11":"shipping-taxable","12":"purchasable","13":"product-type-simple"},"jetpack_sharing_enabled":true,"_links":{"self":[{"href":"https:\/\/michelloutletshopping.com\/sk\/wp-json\/wp\/v2\/product\/2331","targetHints":{"allow":["GET"]}}],"collection":[{"href":"https:\/\/michelloutletshopping.com\/sk\/wp-json\/wp\/v2\/product"}],"about":[{"href":"https:\/\/michelloutletshopping.com\/sk\/wp-json\/wp\/v2\/types\/product"}],"replies":[{"embeddable":true,"href":"https:\/\/michelloutletshopping.com\/sk\/wp-json\/wp\/v2\/comments?post=2331"}],"wp:featuredmedia":[{"embeddable":true,"href":"https:\/\/michelloutletshopping.com\/sk\/wp-json\/wp\/v2\/media\/2322"}],"wp:attachment":[{"href":"https:\/\/michelloutletshopping.com\/sk\/wp-json\/wp\/v2\/media?parent=2331"}],"wp:term":[{"taxonomy":"product_brand","embeddable":true,"href":"https:\/\/michelloutletshopping.com\/sk\/wp-json\/wp\/v2\/product_brand?post=2331"},{"taxonomy":"product_cat","embeddable":true,"href":"https:\/\/michelloutletshopping.com\/sk\/wp-json\/wp\/v2\/product_cat?post=2331"},{"taxonomy":"product_tag","embeddable":true,"href":"https:\/\/michelloutletshopping.com\/sk\/wp-json\/wp\/v2\/product_tag?post=2331"}],"curies":[{"name":"wp","href":"https:\/\/api.w.org\/{rel}","templated":true}]}}