{"id":2348,"date":"2026-05-06T22:40:11","date_gmt":"2026-05-06T22:40:11","guid":{"rendered":"https:\/\/michelloutletshopping.com\/product\/dlhe-saty-s-nastavitelnymi-ramienkami\/"},"modified":"2026-05-06T22:40:11","modified_gmt":"2026-05-06T22:40:11","slug":"dlhe-saty-s-nastavitelnymi-ramienkami","status":"publish","type":"product","link":"https:\/\/michelloutletshopping.com\/sk\/produkt\/dlhe-saty-s-nastavitelnymi-ramienkami\/","title":{"rendered":"Dlh\u00e9 \u0161aty s nastavite\u013en\u00fdmi ramienkami"},"content":{"rendered":"<p>Dlh\u00e9 \u0161aty s \u013eahk\u00fdm a spl\u00fdvav\u00fdm strihom, navrhnut\u00e9 pre maxim\u00e1lne pohodlie a vo\u013enos\u0165 pohybu.<br \/>Vrstven\u00fd dizajn dod\u00e1va objem a \u017eenskos\u0165 a vytv\u00e1ra jemn\u00fd a dynamick\u00fd efekt pri pohybe.<br \/>Nastavite\u013en\u00e9 ramienka na viazanie umo\u017e\u0148uj\u00fa prisp\u00f4sobi\u0165 strih a prirodzene zv\u00fdrazni\u0165 postavu.<br \/>Ide\u00e1lne na letn\u00e9 dni, dovolenku alebo le\u017e\u00e9rne outfity s elegantn\u00fdm n\u00e1dychom.<\/p>\n","protected":false},"excerpt":{"rendered":"<p>Dlh\u00e9 spl\u00fdvav\u00e9 \u0161aty s vrstven\u00edm a nastavite\u013en\u00fdmi ramienkami. \u013dahk\u00e9, \u017eensk\u00e9 a ide\u00e1lne na letn\u00e9 aj elegantne le\u017e\u00e9rne outfity. <\/p>\n","protected":false},"featured_media":2355,"comment_status":"open","ping_status":"closed","template":"","meta":[],"product_brand":[],"product_cat":[75],"product_tag":[],"class_list":{"0":"post-2348","1":"product","2":"type-product","3":"status-publish","4":"has-post-thumbnail","6":"product_cat-saty-2","8":"first","9":"instock","10":"taxable","11":"shipping-taxable","12":"purchasable","13":"product-type-variable"},"jetpack_sharing_enabled":true,"_links":{"self":[{"href":"https:\/\/michelloutletshopping.com\/sk\/wp-json\/wp\/v2\/product\/2348","targetHints":{"allow":["GET"]}}],"collection":[{"href":"https:\/\/michelloutletshopping.com\/sk\/wp-json\/wp\/v2\/product"}],"about":[{"href":"https:\/\/michelloutletshopping.com\/sk\/wp-json\/wp\/v2\/types\/product"}],"replies":[{"embeddable":true,"href":"https:\/\/michelloutletshopping.com\/sk\/wp-json\/wp\/v2\/comments?post=2348"}],"wp:featuredmedia":[{"embeddable":true,"href":"https:\/\/michelloutletshopping.com\/sk\/wp-json\/wp\/v2\/media\/2355"}],"wp:attachment":[{"href":"https:\/\/michelloutletshopping.com\/sk\/wp-json\/wp\/v2\/media?parent=2348"}],"wp:term":[{"taxonomy":"product_brand","embeddable":true,"href":"https:\/\/michelloutletshopping.com\/sk\/wp-json\/wp\/v2\/product_brand?post=2348"},{"taxonomy":"product_cat","embeddable":true,"href":"https:\/\/michelloutletshopping.com\/sk\/wp-json\/wp\/v2\/product_cat?post=2348"},{"taxonomy":"product_tag","embeddable":true,"href":"https:\/\/michelloutletshopping.com\/sk\/wp-json\/wp\/v2\/product_tag?post=2348"}],"curies":[{"name":"wp","href":"https:\/\/api.w.org\/{rel}","templated":true}]}}