{"id":2367,"date":"2026-05-06T22:56:39","date_gmt":"2026-05-06T22:56:39","guid":{"rendered":"https:\/\/michelloutletshopping.com\/product\/kratke-saty-s-tenkymi-ramienkami\/"},"modified":"2026-05-06T22:56:39","modified_gmt":"2026-05-06T22:56:39","slug":"kratke-saty-s-tenkymi-ramienkami","status":"publish","type":"product","link":"https:\/\/michelloutletshopping.com\/sk\/produkt\/kratke-saty-s-tenkymi-ramienkami\/","title":{"rendered":"Kr\u00e1tke \u0161aty s tenk\u00fdmi ramienkami"},"content":{"rendered":"<p>Kr\u00e1tke \u0161aty s jednoduch\u00fdm a \u017eensk\u00fdm dizajnom, s vo\u013en\u00fdm strihom, ktor\u00fd jemne spl\u00fdva po tele.<br \/>Tenk\u00e9 ramienka a jemn\u00fd v\u00fdstrih zv\u00fdraz\u0148uj\u00fa postavu, zatia\u013e \u010do spodn\u00fd vol\u00e1n dod\u00e1va pohyb a dynamiku.<br \/>Praktick\u00fd a univerz\u00e1lny k\u00fasok, ide\u00e1lny na letn\u00e9 dni, vhodn\u00fd na be\u017en\u00e9 aj elegantnej\u0161ie outfity.<\/p>\n","protected":false},"excerpt":{"rendered":"<p>Kr\u00e1tke \u0161aty s tenk\u00fdmi ramienkami a vol\u00e1nom dole. \u013dahk\u00e9, \u017eensk\u00e9 a ide\u00e1lne na leto. <\/p>\n","protected":false},"featured_media":2362,"comment_status":"open","ping_status":"closed","template":"","meta":[],"product_brand":[],"product_cat":[75],"product_tag":[],"class_list":{"0":"post-2367","1":"product","2":"type-product","3":"status-publish","4":"has-post-thumbnail","6":"product_cat-saty-2","8":"first","9":"instock","10":"taxable","11":"shipping-taxable","12":"purchasable","13":"product-type-variable"},"jetpack_sharing_enabled":true,"_links":{"self":[{"href":"https:\/\/michelloutletshopping.com\/sk\/wp-json\/wp\/v2\/product\/2367","targetHints":{"allow":["GET"]}}],"collection":[{"href":"https:\/\/michelloutletshopping.com\/sk\/wp-json\/wp\/v2\/product"}],"about":[{"href":"https:\/\/michelloutletshopping.com\/sk\/wp-json\/wp\/v2\/types\/product"}],"replies":[{"embeddable":true,"href":"https:\/\/michelloutletshopping.com\/sk\/wp-json\/wp\/v2\/comments?post=2367"}],"wp:featuredmedia":[{"embeddable":true,"href":"https:\/\/michelloutletshopping.com\/sk\/wp-json\/wp\/v2\/media\/2362"}],"wp:attachment":[{"href":"https:\/\/michelloutletshopping.com\/sk\/wp-json\/wp\/v2\/media?parent=2367"}],"wp:term":[{"taxonomy":"product_brand","embeddable":true,"href":"https:\/\/michelloutletshopping.com\/sk\/wp-json\/wp\/v2\/product_brand?post=2367"},{"taxonomy":"product_cat","embeddable":true,"href":"https:\/\/michelloutletshopping.com\/sk\/wp-json\/wp\/v2\/product_cat?post=2367"},{"taxonomy":"product_tag","embeddable":true,"href":"https:\/\/michelloutletshopping.com\/sk\/wp-json\/wp\/v2\/product_tag?post=2367"}],"curies":[{"name":"wp","href":"https:\/\/api.w.org\/{rel}","templated":true}]}}