{"id":2403,"date":"2026-05-06T23:17:19","date_gmt":"2026-05-06T23:17:19","guid":{"rendered":"https:\/\/michelloutletshopping.com\/product\/dlhe-saty-bez-ramienok-s-riasenym-zivotikom\/"},"modified":"2026-05-06T23:17:19","modified_gmt":"2026-05-06T23:17:19","slug":"dlhe-saty-bez-ramienok-s-riasenym-zivotikom","status":"publish","type":"product","link":"https:\/\/michelloutletshopping.com\/sk\/produkt\/dlhe-saty-bez-ramienok-s-riasenym-zivotikom\/","title":{"rendered":"Dlh\u00e9 \u0161aty bez ramienok s riasen\u00fdm \u017eiv\u00f4tikom"},"content":{"rendered":"<p>Dlh\u00e9 \u0161aty s elegantn\u00fdm a \u017eensk\u00fdm dizajnom, s riasen\u00fdm \u017eiv\u00f4tikom, ktor\u00fd sa dokonale prisp\u00f4sob\u00ed postave.<br \/>Elastick\u00e1 vrchn\u00e1 \u010das\u0165 zaru\u010duje pohodlie a oporu, zatia\u013e \u010do dlh\u00e1 spl\u00fdvav\u00e1 suk\u0148a s vol\u00e1nmi dod\u00e1va \u013eahkos\u0165 a pohyb.<br \/>Univerz\u00e1lny k\u00fasok ide\u00e1lny na leto, dovolenku alebo neform\u00e1lne pr\u00edle\u017eitosti s elegantn\u00fdm n\u00e1dychom.<\/p>\n","protected":false},"excerpt":{"rendered":"<p>Dlh\u00e9 \u0161aty bez ramienok s riasen\u00fdm \u017eiv\u00f4tikom a spl\u00fdvavou suk\u0148ou. Pohodln\u00e9 a ide\u00e1lne na leto. <\/p>\n","protected":false},"featured_media":2383,"comment_status":"open","ping_status":"closed","template":"","meta":[],"product_brand":[],"product_cat":[75],"product_tag":[],"class_list":{"0":"post-2403","1":"product","2":"type-product","3":"status-publish","4":"has-post-thumbnail","6":"product_cat-saty-2","8":"first","9":"instock","10":"taxable","11":"shipping-taxable","12":"purchasable","13":"product-type-variable"},"jetpack_sharing_enabled":true,"_links":{"self":[{"href":"https:\/\/michelloutletshopping.com\/sk\/wp-json\/wp\/v2\/product\/2403","targetHints":{"allow":["GET"]}}],"collection":[{"href":"https:\/\/michelloutletshopping.com\/sk\/wp-json\/wp\/v2\/product"}],"about":[{"href":"https:\/\/michelloutletshopping.com\/sk\/wp-json\/wp\/v2\/types\/product"}],"replies":[{"embeddable":true,"href":"https:\/\/michelloutletshopping.com\/sk\/wp-json\/wp\/v2\/comments?post=2403"}],"wp:featuredmedia":[{"embeddable":true,"href":"https:\/\/michelloutletshopping.com\/sk\/wp-json\/wp\/v2\/media\/2383"}],"wp:attachment":[{"href":"https:\/\/michelloutletshopping.com\/sk\/wp-json\/wp\/v2\/media?parent=2403"}],"wp:term":[{"taxonomy":"product_brand","embeddable":true,"href":"https:\/\/michelloutletshopping.com\/sk\/wp-json\/wp\/v2\/product_brand?post=2403"},{"taxonomy":"product_cat","embeddable":true,"href":"https:\/\/michelloutletshopping.com\/sk\/wp-json\/wp\/v2\/product_cat?post=2403"},{"taxonomy":"product_tag","embeddable":true,"href":"https:\/\/michelloutletshopping.com\/sk\/wp-json\/wp\/v2\/product_tag?post=2403"}],"curies":[{"name":"wp","href":"https:\/\/api.w.org\/{rel}","templated":true}]}}