{"id":2424,"date":"2026-05-07T09:59:18","date_gmt":"2026-05-07T09:59:18","guid":{"rendered":"https:\/\/michelloutletshopping.com\/product\/dlhe-saty-so-zig-zag-vzorom-a-viazanim-za-krkom\/"},"modified":"2026-05-07T09:59:18","modified_gmt":"2026-05-07T09:59:18","slug":"dlhe-saty-so-zig-zag-vzorom-a-viazanim-za-krkom","status":"publish","type":"product","link":"https:\/\/michelloutletshopping.com\/sk\/produkt\/dlhe-saty-so-zig-zag-vzorom-a-viazanim-za-krkom\/","title":{"rendered":"Dlh\u00e9 \u0161aty so zig zag vzorom a viazan\u00edm za krkom"},"content":{"rendered":"<p>Dlh\u00e9 \u0161aty s elegantn\u00fdm a prepracovan\u00fdm dizajnom, zdoben\u00e9 leskl\u00fdm zig zag vzorom, ktor\u00fd dod\u00e1va pohyb a originalitu.<br \/>\nModel s americk\u00fdm v\u00fdstrihom zv\u00fdraz\u0148uje ramen\u00e1 a dekolt, zatia\u013e \u010do ma\u0161\u013ea vzadu prid\u00e1va \u017eensk\u00fd a rafinovan\u00fd detail.<br \/>\nVo\u013en\u00fd spl\u00fdvav\u00fd strih jemne kop\u00edruje postavu a vytv\u00e1ra \u013eahk\u00fd a elegantn\u00fd efekt pri pohybe.<\/p>\n<p>Ide\u00e1lne na letn\u00e9 udalosti, \u0161peci\u00e1lne ve\u010dery, dovolenku alebo pr\u00edle\u017eitosti, ke\u010f chcete vyzera\u0165 elegantne a z\u00e1rove\u0148 sa c\u00edti\u0165 pohodlne.<\/p>\n","protected":false},"excerpt":{"rendered":"<p class=\"p1\">Dlh\u00e9 \u0161aty so zig zag vzorom, americk\u00fdm v\u00fdstrihom a ma\u0161\u013eou vzadu. Elegantn\u00e9 a ide\u00e1lne na leto. <\/p>\n","protected":false},"featured_media":2420,"comment_status":"open","ping_status":"closed","template":"","meta":[],"product_brand":[],"product_cat":[29],"product_tag":[],"class_list":{"0":"post-2424","1":"product","2":"type-product","3":"status-publish","4":"has-post-thumbnail","6":"product_cat-uncategorized-sk","8":"first","9":"instock","10":"taxable","11":"shipping-taxable","12":"purchasable","13":"product-type-simple"},"jetpack_sharing_enabled":true,"_links":{"self":[{"href":"https:\/\/michelloutletshopping.com\/sk\/wp-json\/wp\/v2\/product\/2424","targetHints":{"allow":["GET"]}}],"collection":[{"href":"https:\/\/michelloutletshopping.com\/sk\/wp-json\/wp\/v2\/product"}],"about":[{"href":"https:\/\/michelloutletshopping.com\/sk\/wp-json\/wp\/v2\/types\/product"}],"replies":[{"embeddable":true,"href":"https:\/\/michelloutletshopping.com\/sk\/wp-json\/wp\/v2\/comments?post=2424"}],"wp:featuredmedia":[{"embeddable":true,"href":"https:\/\/michelloutletshopping.com\/sk\/wp-json\/wp\/v2\/media\/2420"}],"wp:attachment":[{"href":"https:\/\/michelloutletshopping.com\/sk\/wp-json\/wp\/v2\/media?parent=2424"}],"wp:term":[{"taxonomy":"product_brand","embeddable":true,"href":"https:\/\/michelloutletshopping.com\/sk\/wp-json\/wp\/v2\/product_brand?post=2424"},{"taxonomy":"product_cat","embeddable":true,"href":"https:\/\/michelloutletshopping.com\/sk\/wp-json\/wp\/v2\/product_cat?post=2424"},{"taxonomy":"product_tag","embeddable":true,"href":"https:\/\/michelloutletshopping.com\/sk\/wp-json\/wp\/v2\/product_tag?post=2424"}],"curies":[{"name":"wp","href":"https:\/\/api.w.org\/{rel}","templated":true}]}}